{"id":4392,"date":"2025-03-26T16:03:08","date_gmt":"2025-03-26T16:03:08","guid":{"rendered":"https:\/\/ericksparring.io\/about-2\/"},"modified":"2025-06-18T15:39:06","modified_gmt":"2025-06-18T15:39:06","slug":"declaracion-y-accesibilidad","status":"publish","type":"page","link":"https:\/\/ericksparring.io\/en\/declaracion-y-accesibilidad\/","title":{"rendered":"Declaration and Accessibility"},"content":{"rendered":"<div class=\"wp-block-uagb-container uagb-block-4d8a2e6f alignfull uagb-is-root-container\"><div class=\"uagb-container-inner-blocks-wrap\">\n<div class=\"wp-block-uagb-advanced-heading uagb-block-25607b45\"><h1 class=\"uagb-heading-text\">Declaration and Accessibility<\/h1><\/div>\n<\/div><\/div>\n\n\n\n<div class=\"wp-block-uagb-container uagb-block-887a0016 alignfull uagb-is-root-container\"><div class=\"uagb-container-inner-blocks-wrap\">\n<div class=\"wp-block-uagb-container uagb-block-876c3627\">\n<p>The company<strong>&nbsp;PRO ATTITUDE<\/strong>&nbsp;has committed to making its website accessible in accordance with Royal Decree 1112\/2018, of September 7, on the accessibility of websites and mobile applications in the public sector, or developments funded from Europe.<br><br>This accessibility statement applies to the website https:\/\/actitudpro.com, excluding embedded content from other domains.<\/p>\n<\/div>\n\n\n\n<hr class=\"wp-block-separator has-text-color has-ast-global-color-5-color has-alpha-channel-opacity has-ast-global-color-5-background-color has-background is-style-wide\"\/>\n\n\n\n<div class=\"wp-block-uagb-container uagb-block-5caf5c3a\">\n<div class=\"wp-block-uagb-advanced-heading uagb-block-e8f2495b\"><h3 class=\"uagb-heading-text\">Compliance status<\/h3><\/div>\n<\/div>\n\n\n\n<p>This website is partially compliant with Royal Decree 1112\/2018 due to the lack of compliance with the following aspects.<\/p>\n\n\n\n<hr class=\"wp-block-separator has-text-color has-ast-global-color-5-color has-alpha-channel-opacity has-ast-global-color-5-background-color has-background is-style-wide\"\/>\n\n\n\n<div class=\"wp-block-uagb-advanced-heading uagb-block-760b7050\"><h3 class=\"uagb-heading-text\">Content not accessible<\/h3><\/div>\n\n\n\n<p>The content below is not accessible for the following reasons:<\/p>\n\n\n\n<ul class=\"wp-block-list\">\n<li>Lack of conformity:\n<ul class=\"wp-block-list\">\n<li>There may be some images whose alternative is not implemented or is not correct \u2013 Requirement 9.1.1.1 Non-textual content UNE-EN 301549:2022<\/li>\n\n\n\n<li>There may be elements on the page that are not keyboard-operated \u2013 Requirement number 9.2.1.1 Keyboard of UNE-EN 301549:2020<\/li>\n\n\n\n<li>Existing forms do not warn of incorrect or unfilled fields \u2013 Requirement 9.3.3.1 Error identification and Requirement number 9.3.3.3 Suggestions for errors of UNE-EN 301549:2020<\/li>\n\n\n\n<li>There may be occasional editing errors on some web pages.<\/li>\n<\/ul>\n<\/li>\n\n\n\n<li>Disproportionate burden: Not applicable.<\/li>\n\n\n\n<li>The content does not fall within the scope of applicable legislation.<\/li>\n\n\n\n<li>There may be office files in PDF or other formats published before September 20, 2018, that do not fully meet all accessibility requirements.<\/li>\n\n\n\n<li>There may be third-party content that is not developed by this Unit or under its control, such as office files from different organizations that must be published on this site.<\/li>\n<\/ul>\n\n\n\n<hr class=\"wp-block-separator has-text-color has-ast-global-color-5-color has-alpha-channel-opacity has-ast-global-color-5-background-color has-background is-style-wide\"\/>\n\n\n\n<div class=\"wp-block-uagb-advanced-heading uagb-block-21e1ce3c\"><h3 class=\"uagb-heading-text\">Comments and contact information<\/h3><\/div>\n\n\n\n<p>You can make communications about accessibility requirements [article 10.2.a) of RD 1112\/2018] such as, for example:<\/p>\n\n\n\n<ul class=\"wp-block-list\">\n<li>Report any potential non-compliance by this website.<\/li>\n\n\n\n<li>Transmit other difficulties in accessing the content.<\/li>\n\n\n\n<li>Ask any other questions or make any suggestions for improvements regarding website accessibility using the contact form or by phone.<\/li>\n\n\n\n<li>You may present:\n<ul class=\"wp-block-list\">\n<li>A complaint regarding compliance with the requirements of RD 1112\/2018<\/li>\n\n\n\n<li>A request for accessible information relating to:\n<ul class=\"wp-block-list\">\n<li>Contents that are excluded from the scope of RD 1112\/2018 as established by article 3, section 4.<\/li>\n\n\n\n<li>Content that is exempt from compliance with accessibility requirements because it imposes a disproportionate burden.<\/li>\n<\/ul>\n<\/li>\n<\/ul>\n<\/li>\n<\/ul>\n\n\n\n<p>In the request for accessible information, the facts, reasons, and request must be clearly stated to confirm that it is a reasonable and legitimate request.<\/p>\n<\/div><\/div>\n\n\n\n<div class=\"wp-block-uagb-container uagb-block-ff349878 alignfull uagb-is-root-container\"><div class=\"uagb-container-inner-blocks-wrap\">\n<div class=\"wp-block-uagb-info-box uagb-block-cdf5bd55 uagb-infobox__content-wrap  uagb-infobox-icon-above-title uagb-infobox-image-valign-top\"><div class=\"uagb-ifb-content\"><div class=\"uagb-ifb-title-wrap\"><div class=\"uagb-ifb-separator\"><\/div><h2 class=\"uagb-ifb-title\">CONTACT<br>Briefly tell us what you&#039;re looking for: more information, a quote, etc.<\/h2><\/div><\/div><\/div>\n<\/div><\/div>\n\n\n<p><iframe src=\"https:\/\/forms.zohopublic.com\/actitudpro\/form\/FormularioErickSparring\/formperma\/yHMsKiTyBoJaY94eNvKnkSFON4t-8TQuEA4Ok5Ie89w\" frameborder=\"0\" style=\"height:1200px;width:100%;border:none;\" allowtransparency=\"true\"><\/iframe><\/p>\n\n\n<p><iframe \n  src=\"https:\/\/www.google.com\/maps\/embed?pb=!1m18!1m12!1m3!1d2992.4504281631053!2d2.144846315417918!3d41.401290979262985!2m3!1f0!2f0!3f0!3m2!1i1024!2i768!4f13.1!3m3!1m2!1s0x12a4a29a46499cc7%3A0xe69dc72f2bcb416b!2sC%2F%20de%20Balmes%2C%20245%2C%2008006%20Barcelona!5e0!3m2!1ses!2ses!4v1715070269656!5m2!1ses!2ses\" \n  width=\"100%\" \n  height=\"400\" \n  style=\"border:0;\" \n  allowfullscreen=\"\" \n  loading=\"lazy\" \n  referrerpolicy=\"no-referrer-when-downgrade\"><br \/>\n<\/iframe><\/p>","protected":false},"excerpt":{"rendered":"<p>Declaraci\u00f3n y Accesibilidad La empresa&nbsp;ACTITUD PRO&nbsp;se ha comprometido a hacer accesible su sitio web de conformidad con el Real Decreto 1112\/2018, de 7 de septiembre, sobre accesibilidad de los sitios web y aplicaciones para dispositivos m\u00f3viles del sector p\u00fablico, o desarrollos financiados desde Europa. La presente declaraci\u00f3n de accesibilidad se aplica al sitio web&nbsp;https:\/\/actitudpro.com&nbsp;excluyendo los [&hellip;]<\/p>","protected":false},"author":1,"featured_media":0,"parent":0,"menu_order":0,"comment_status":"closed","ping_status":"closed","template":"","meta":{"_surecart_dashboard_logo_width":"180px","_surecart_dashboard_show_logo":true,"_surecart_dashboard_navigation_orders":true,"_surecart_dashboard_navigation_invoices":true,"_surecart_dashboard_navigation_subscriptions":true,"_surecart_dashboard_navigation_downloads":true,"_surecart_dashboard_navigation_billing":true,"_surecart_dashboard_navigation_account":true,"_uag_custom_page_level_css":"","site-sidebar-layout":"no-sidebar","site-content-layout":"plain-container","ast-site-content-layout":"normal-width-container","site-content-style":"unboxed","site-sidebar-style":"unboxed","ast-global-header-display":"","ast-banner-title-visibility":"","ast-main-header-display":"","ast-hfb-above-header-display":"","ast-hfb-below-header-display":"","ast-hfb-mobile-header-display":"","site-post-title":"disabled","ast-breadcrumbs-content":"","ast-featured-img":"","footer-sml-layout":"","ast-disable-related-posts":"","theme-transparent-header-meta":"enabled","adv-header-id-meta":"","stick-header-meta":"","header-above-stick-meta":"","header-main-stick-meta":"","header-below-stick-meta":"","astra-migrate-meta-layouts":"set","ast-page-background-enabled":"default","ast-page-background-meta":{"desktop":{"background-color":"","background-image":"","background-repeat":"repeat","background-position":"center center","background-size":"auto","background-attachment":"scroll","background-type":"","background-media":"","overlay-type":"","overlay-color":"","overlay-opacity":"","overlay-gradient":""},"tablet":{"background-color":"","background-image":"","background-repeat":"repeat","background-position":"center center","background-size":"auto","background-attachment":"scroll","background-type":"","background-media":"","overlay-type":"","overlay-color":"","overlay-opacity":"","overlay-gradient":""},"mobile":{"background-color":"","background-image":"","background-repeat":"repeat","background-position":"center center","background-size":"auto","background-attachment":"scroll","background-type":"","background-media":"","overlay-type":"","overlay-color":"","overlay-opacity":"","overlay-gradient":""}},"ast-content-background-meta":{"desktop":{"background-color":"var(--ast-global-color-5)","background-image":"","background-repeat":"repeat","background-position":"center center","background-size":"auto","background-attachment":"scroll","background-type":"","background-media":"","overlay-type":"","overlay-color":"","overlay-opacity":"","overlay-gradient":""},"tablet":{"background-color":"var(--ast-global-color-5)","background-image":"","background-repeat":"repeat","background-position":"center center","background-size":"auto","background-attachment":"scroll","background-type":"","background-media":"","overlay-type":"","overlay-color":"","overlay-opacity":"","overlay-gradient":""},"mobile":{"background-color":"var(--ast-global-color-5)","background-image":"","background-repeat":"repeat","background-position":"center center","background-size":"auto","background-attachment":"scroll","background-type":"","background-media":"","overlay-type":"","overlay-color":"","overlay-opacity":"","overlay-gradient":""}},"footnotes":""},"class_list":["post-4392","page","type-page","status-publish","hentry"],"yoast_head":"<!-- This site is optimized with the Yoast SEO plugin v24.8.1 - https:\/\/yoast.com\/wordpress\/plugins\/seo\/ -->\n<title>Declaraci\u00f3n y Accesibilidad - ericksparring.io<\/title>\n<meta name=\"description\" content=\"ACTITUDPRO se compromete a cumplir con la accesibilidad web seg\u00fan el Real Decreto 1112\/2018. \u00a1Consulta nuestra declaraci\u00f3n aqu\u00ed!\" \/>\n<meta name=\"robots\" content=\"index, follow, max-snippet:-1, max-image-preview:large, max-video-preview:-1\" \/>\n<link rel=\"canonical\" href=\"https:\/\/ericksparring.io\/en\/declaracion-y-accesibilidad\/\" \/>\n<meta property=\"og:locale\" content=\"en_GB\" \/>\n<meta property=\"og:type\" content=\"article\" \/>\n<meta property=\"og:title\" content=\"Declaraci\u00f3n y Accesibilidad - ericksparring.io\" \/>\n<meta property=\"og:description\" content=\"ACTITUDPRO se compromete a cumplir con la accesibilidad web seg\u00fan el Real Decreto 1112\/2018. \u00a1Consulta nuestra declaraci\u00f3n aqu\u00ed!\" \/>\n<meta property=\"og:url\" content=\"https:\/\/ericksparring.io\/en\/declaracion-y-accesibilidad\/\" \/>\n<meta property=\"og:site_name\" content=\"ericksparring.io\" \/>\n<meta property=\"article:modified_time\" content=\"2025-06-18T15:39:06+00:00\" \/>\n<meta name=\"twitter:card\" content=\"summary_large_image\" \/>\n<meta name=\"twitter:label1\" content=\"Estimated reading time\" \/>\n\t<meta name=\"twitter:data1\" content=\"2 minutes\" \/>\n<script type=\"application\/ld+json\" class=\"yoast-schema-graph\">{\"@context\":\"https:\/\/schema.org\",\"@graph\":[{\"@type\":\"WebPage\",\"@id\":\"https:\/\/ericksparring.io\/declaracion-y-accesibilidad\/\",\"url\":\"https:\/\/ericksparring.io\/declaracion-y-accesibilidad\/\",\"name\":\"Declaraci\u00f3n y Accesibilidad - ericksparring.io\",\"isPartOf\":{\"@id\":\"https:\/\/ericksparring.io\/#website\"},\"datePublished\":\"2025-03-26T16:03:08+00:00\",\"dateModified\":\"2025-06-18T15:39:06+00:00\",\"description\":\"ACTITUDPRO se compromete a cumplir con la accesibilidad web seg\u00fan el Real Decreto 1112\/2018. \u00a1Consulta nuestra declaraci\u00f3n aqu\u00ed!\",\"breadcrumb\":{\"@id\":\"https:\/\/ericksparring.io\/declaracion-y-accesibilidad\/#breadcrumb\"},\"inLanguage\":\"en-GB\",\"potentialAction\":[{\"@type\":\"ReadAction\",\"target\":[\"https:\/\/ericksparring.io\/declaracion-y-accesibilidad\/\"]}]},{\"@type\":\"BreadcrumbList\",\"@id\":\"https:\/\/ericksparring.io\/declaracion-y-accesibilidad\/#breadcrumb\",\"itemListElement\":[{\"@type\":\"ListItem\",\"position\":1,\"name\":\"Portada\",\"item\":\"https:\/\/ericksparring.io\/\"},{\"@type\":\"ListItem\",\"position\":2,\"name\":\"Declaraci\u00f3n y Accesibilidad\"}]},{\"@type\":\"WebSite\",\"@id\":\"https:\/\/ericksparring.io\/#website\",\"url\":\"https:\/\/ericksparring.io\/\",\"name\":\"ericksparring.io\",\"description\":\"Entrenador Virtual de Vendedores con IA\",\"publisher\":{\"@id\":\"https:\/\/ericksparring.io\/#organization\"},\"potentialAction\":[{\"@type\":\"SearchAction\",\"target\":{\"@type\":\"EntryPoint\",\"urlTemplate\":\"https:\/\/ericksparring.io\/?s={search_term_string}\"},\"query-input\":{\"@type\":\"PropertyValueSpecification\",\"valueRequired\":true,\"valueName\":\"search_term_string\"}}],\"inLanguage\":\"en-GB\"},{\"@type\":\"Organization\",\"@id\":\"https:\/\/ericksparring.io\/#organization\",\"name\":\"ericksparring.io\",\"url\":\"https:\/\/ericksparring.io\/\",\"logo\":{\"@type\":\"ImageObject\",\"inLanguage\":\"en-GB\",\"@id\":\"https:\/\/ericksparring.io\/#\/schema\/logo\/image\/\",\"url\":\"https:\/\/ericksparring.io\/wp-content\/uploads\/2025\/03\/cropped-cropped-cropped-actitudpro_logo_sinfondo-1.webp\",\"contentUrl\":\"https:\/\/ericksparring.io\/wp-content\/uploads\/2025\/03\/cropped-cropped-cropped-actitudpro_logo_sinfondo-1.webp\",\"width\":276,\"height\":62,\"caption\":\"ericksparring.io\"},\"image\":{\"@id\":\"https:\/\/ericksparring.io\/#\/schema\/logo\/image\/\"}}]}<\/script>\n<!-- \/ Yoast SEO plugin. -->","yoast_head_json":{"title":"Declaraci\u00f3n y Accesibilidad - ericksparring.io","description":"ACTITUDPRO se compromete a cumplir con la accesibilidad web seg\u00fan el Real Decreto 1112\/2018. \u00a1Consulta nuestra declaraci\u00f3n aqu\u00ed!","robots":{"index":"index","follow":"follow","max-snippet":"max-snippet:-1","max-image-preview":"max-image-preview:large","max-video-preview":"max-video-preview:-1"},"canonical":"https:\/\/ericksparring.io\/en\/declaracion-y-accesibilidad\/","og_locale":"en_GB","og_type":"article","og_title":"Declaraci\u00f3n y Accesibilidad - ericksparring.io","og_description":"ACTITUDPRO se compromete a cumplir con la accesibilidad web seg\u00fan el Real Decreto 1112\/2018. \u00a1Consulta nuestra declaraci\u00f3n aqu\u00ed!","og_url":"https:\/\/ericksparring.io\/en\/declaracion-y-accesibilidad\/","og_site_name":"ericksparring.io","article_modified_time":"2025-06-18T15:39:06+00:00","twitter_card":"summary_large_image","twitter_misc":{"Estimated reading time":"2 minutes"},"schema":{"@context":"https:\/\/schema.org","@graph":[{"@type":"WebPage","@id":"https:\/\/ericksparring.io\/declaracion-y-accesibilidad\/","url":"https:\/\/ericksparring.io\/declaracion-y-accesibilidad\/","name":"Declaraci\u00f3n y Accesibilidad - ericksparring.io","isPartOf":{"@id":"https:\/\/ericksparring.io\/#website"},"datePublished":"2025-03-26T16:03:08+00:00","dateModified":"2025-06-18T15:39:06+00:00","description":"ACTITUDPRO se compromete a cumplir con la accesibilidad web seg\u00fan el Real Decreto 1112\/2018. \u00a1Consulta nuestra declaraci\u00f3n aqu\u00ed!","breadcrumb":{"@id":"https:\/\/ericksparring.io\/declaracion-y-accesibilidad\/#breadcrumb"},"inLanguage":"en-GB","potentialAction":[{"@type":"ReadAction","target":["https:\/\/ericksparring.io\/declaracion-y-accesibilidad\/"]}]},{"@type":"BreadcrumbList","@id":"https:\/\/ericksparring.io\/declaracion-y-accesibilidad\/#breadcrumb","itemListElement":[{"@type":"ListItem","position":1,"name":"Portada","item":"https:\/\/ericksparring.io\/"},{"@type":"ListItem","position":2,"name":"Declaraci\u00f3n y Accesibilidad"}]},{"@type":"WebSite","@id":"https:\/\/ericksparring.io\/#website","url":"https:\/\/ericksparring.io\/","name":"ericksparring.io","description":"Virtual Sales Trainer with AI","publisher":{"@id":"https:\/\/ericksparring.io\/#organization"},"potentialAction":[{"@type":"SearchAction","target":{"@type":"EntryPoint","urlTemplate":"https:\/\/ericksparring.io\/?s={search_term_string}"},"query-input":{"@type":"PropertyValueSpecification","valueRequired":true,"valueName":"search_term_string"}}],"inLanguage":"en-GB"},{"@type":"Organization","@id":"https:\/\/ericksparring.io\/#organization","name":"ericksparring.io","url":"https:\/\/ericksparring.io\/","logo":{"@type":"ImageObject","inLanguage":"en-GB","@id":"https:\/\/ericksparring.io\/#\/schema\/logo\/image\/","url":"https:\/\/ericksparring.io\/wp-content\/uploads\/2025\/03\/cropped-cropped-cropped-actitudpro_logo_sinfondo-1.webp","contentUrl":"https:\/\/ericksparring.io\/wp-content\/uploads\/2025\/03\/cropped-cropped-cropped-actitudpro_logo_sinfondo-1.webp","width":276,"height":62,"caption":"ericksparring.io"},"image":{"@id":"https:\/\/ericksparring.io\/#\/schema\/logo\/image\/"}}]}},"uagb_featured_image_src":{"full":false,"thumbnail":false,"medium":false,"medium_large":false,"large":false,"1536x1536":false,"2048x2048":false,"trp-custom-language-flag":false},"uagb_author_info":{"display_name":"actitud@actitudpro.com","author_link":"https:\/\/ericksparring.io\/en\/author\/actitudactitudpro-com\/"},"uagb_comment_info":0,"uagb_excerpt":"Declaraci\u00f3n y Accesibilidad La empresa&nbsp;ACTITUD PRO&nbsp;se ha comprometido a hacer accesible su sitio web de conformidad con el Real Decreto 1112\/2018, de 7 de septiembre, sobre accesibilidad de los sitios web y aplicaciones para dispositivos m\u00f3viles del sector p\u00fablico, o desarrollos financiados desde Europa. La presente declaraci\u00f3n de accesibilidad se aplica al sitio web&nbsp;https:\/\/actitudpro.com&nbsp;excluyendo los&hellip;","_links":{"self":[{"href":"https:\/\/ericksparring.io\/en\/wp-json\/wp\/v2\/pages\/4392","targetHints":{"allow":["GET"]}}],"collection":[{"href":"https:\/\/ericksparring.io\/en\/wp-json\/wp\/v2\/pages"}],"about":[{"href":"https:\/\/ericksparring.io\/en\/wp-json\/wp\/v2\/types\/page"}],"author":[{"embeddable":true,"href":"https:\/\/ericksparring.io\/en\/wp-json\/wp\/v2\/users\/1"}],"replies":[{"embeddable":true,"href":"https:\/\/ericksparring.io\/en\/wp-json\/wp\/v2\/comments?post=4392"}],"version-history":[{"count":16,"href":"https:\/\/ericksparring.io\/en\/wp-json\/wp\/v2\/pages\/4392\/revisions"}],"predecessor-version":[{"id":6367,"href":"https:\/\/ericksparring.io\/en\/wp-json\/wp\/v2\/pages\/4392\/revisions\/6367"}],"wp:attachment":[{"href":"https:\/\/ericksparring.io\/en\/wp-json\/wp\/v2\/media?parent=4392"}],"curies":[{"name":"wp","href":"https:\/\/api.w.org\/{rel}","templated":true}]}}